{"id":14,"date":"2016-09-15T08:40:03","date_gmt":"2016-09-15T08:40:03","guid":{"rendered":"https:\/\/raratheme.com\/preview\/numinous\/?page_id=14"},"modified":"2025-05-02T09:16:33","modified_gmt":"2025-05-02T15:16:33","slug":"home","status":"publish","type":"page","link":"https:\/\/haciendosinapsys.org\/podcast\/","title":{"rendered":"UNC &#8211; Podcast"},"content":{"rendered":"\t\t<div data-elementor-type=\"wp-page\" data-elementor-id=\"14\" class=\"elementor elementor-14\">\n\t\t\t\t\t\t<section class=\"elementor-section elementor-top-section elementor-element elementor-element-22e5f3e elementor-section-full_width elementor-section-height-default elementor-section-height-default\" data-id=\"22e5f3e\" data-element_type=\"section\" data-e-type=\"section\">\n\t\t\t\t\t\t<div class=\"elementor-container elementor-column-gap-default\">\n\t\t\t\t\t<div class=\"elementor-column elementor-col-100 elementor-top-column elementor-element elementor-element-70f9099\" data-id=\"70f9099\" data-element_type=\"column\" data-e-type=\"column\">\n\t\t\t<div class=\"elementor-widget-wrap elementor-element-populated\">\n\t\t\t\t\t\t<div class=\"elementor-element elementor-element-20bfe20 elementor-widget elementor-widget-text-editor\" data-id=\"20bfe20\" data-element_type=\"widget\" data-e-type=\"widget\" data-widget_type=\"text-editor.default\">\n\t\t\t\t<div class=\"elementor-widget-container\">\n\t\t\t\t\t\t\t\t\t<p>Participaciones y programas elaborados<\/p>\t\t\t\t\t\t\t\t<\/div>\n\t\t\t\t<\/div>\n\t\t\t\t\t<\/div>\n\t\t<\/div>\n\t\t\t\t\t<\/div>\n\t\t<\/section>\n\t\t\t\t<section class=\"elementor-section elementor-top-section elementor-element elementor-element-1807cc4 elementor-section-full_width elementor-section-height-default elementor-section-height-default\" data-id=\"1807cc4\" data-element_type=\"section\" data-e-type=\"section\">\n\t\t\t\t\t\t<div class=\"elementor-container elementor-column-gap-default\">\n\t\t\t\t\t<div class=\"elementor-column elementor-col-50 elementor-top-column elementor-element elementor-element-02f924b\" data-id=\"02f924b\" data-element_type=\"column\" data-e-type=\"column\">\n\t\t\t<div class=\"elementor-widget-wrap elementor-element-populated\">\n\t\t\t\t\t\t<div class=\"elementor-element elementor-element-c840cc8 elementor-position-top elementor-widget elementor-widget-image-box\" data-id=\"c840cc8\" data-element_type=\"widget\" data-e-type=\"widget\" data-widget_type=\"image-box.default\">\n\t\t\t\t<div class=\"elementor-widget-container\">\n\t\t\t\t\t<div class=\"elementor-image-box-wrapper\"><figure class=\"elementor-image-box-img\"><a href=\"https:\/\/haciendosinapsys.org\/podcast\/?post_type=podcast\" tabindex=\"-1\"><img fetchpriority=\"high\" decoding=\"async\" width=\"300\" height=\"300\" src=\"https:\/\/haciendosinapsys.org\/podcast\/wp-content\/uploads\/2022\/04\/271998250_298182035667019_7251102933475861633_n-300x300.png\" class=\"attachment-medium size-medium wp-image-667\" alt=\"\" srcset=\"https:\/\/haciendosinapsys.org\/podcast\/wp-content\/uploads\/2022\/04\/271998250_298182035667019_7251102933475861633_n-300x300.png 300w, https:\/\/haciendosinapsys.org\/podcast\/wp-content\/uploads\/2022\/04\/271998250_298182035667019_7251102933475861633_n-150x150.png 150w, https:\/\/haciendosinapsys.org\/podcast\/wp-content\/uploads\/2022\/04\/271998250_298182035667019_7251102933475861633_n-70x70.png 70w, https:\/\/haciendosinapsys.org\/podcast\/wp-content\/uploads\/2022\/04\/271998250_298182035667019_7251102933475861633_n-246x246.png 246w, https:\/\/haciendosinapsys.org\/podcast\/wp-content\/uploads\/2022\/04\/271998250_298182035667019_7251102933475861633_n-276x276.png 276w, https:\/\/haciendosinapsys.org\/podcast\/wp-content\/uploads\/2022\/04\/271998250_298182035667019_7251102933475861633_n-125x125.png 125w, https:\/\/haciendosinapsys.org\/podcast\/wp-content\/uploads\/2022\/04\/271998250_298182035667019_7251102933475861633_n.png 480w\" sizes=\"(max-width: 300px) 100vw, 300px\" \/><\/a><\/figure><div class=\"elementor-image-box-content\"><h3 class=\"elementor-image-box-title\"><a href=\"https:\/\/haciendosinapsys.org\/podcast\/?post_type=podcast\">En Neza Radio<\/a><\/h3><p class=\"elementor-image-box-description\">El Profesor Oscar Hern\u00e1ndez Neri colabora con una secci\u00f3n los d\u00edas mi\u00e9rcoles.<\/p><\/div><\/div>\t\t\t\t<\/div>\n\t\t\t\t<\/div>\n\t\t\t\t\t<\/div>\n\t\t<\/div>\n\t\t\t\t<div class=\"elementor-column elementor-col-50 elementor-top-column elementor-element elementor-element-5f0d623\" data-id=\"5f0d623\" data-element_type=\"column\" data-e-type=\"column\">\n\t\t\t<div class=\"elementor-widget-wrap elementor-element-populated\">\n\t\t\t\t\t\t<div class=\"elementor-element elementor-element-68897e1 elementor-position-top elementor-widget elementor-widget-image-box\" data-id=\"68897e1\" data-element_type=\"widget\" data-e-type=\"widget\" data-widget_type=\"image-box.default\">\n\t\t\t\t<div class=\"elementor-widget-container\">\n\t\t\t\t\t<div class=\"elementor-image-box-wrapper\"><figure class=\"elementor-image-box-img\"><a href=\"https:\/\/haciendosinapsys.org\/podcast\/series\/escuelas-en-movimiento\/\" target=\"_blank\" tabindex=\"-1\"><img decoding=\"async\" width=\"300\" height=\"242\" src=\"https:\/\/haciendosinapsys.org\/podcast\/wp-content\/uploads\/2025\/05\/comunicadoresmx300.jpg\" class=\"attachment-medium size-medium wp-image-1088\" alt=\"\" \/><\/a><\/figure><div class=\"elementor-image-box-content\"><h3 class=\"elementor-image-box-title\"><a href=\"https:\/\/haciendosinapsys.org\/podcast\/series\/escuelas-en-movimiento\/\" target=\"_blank\">Comunicadores MX<\/a><\/h3><p class=\"elementor-image-box-description\">Programa Escuelas en Movimiento<\/p><\/div><\/div>\t\t\t\t<\/div>\n\t\t\t\t<\/div>\n\t\t\t\t\t<\/div>\n\t\t<\/div>\n\t\t\t\t\t<\/div>\n\t\t<\/section>\n\t\t\t\t<section class=\"elementor-section elementor-top-section elementor-element elementor-element-0ea5c25 elementor-section-boxed elementor-section-height-default elementor-section-height-default\" data-id=\"0ea5c25\" data-element_type=\"section\" data-e-type=\"section\">\n\t\t\t\t\t\t<div class=\"elementor-container elementor-column-gap-default\">\n\t\t\t\t\t<div class=\"elementor-column elementor-col-50 elementor-top-column elementor-element elementor-element-3013563\" data-id=\"3013563\" data-element_type=\"column\" data-e-type=\"column\">\n\t\t\t<div class=\"elementor-widget-wrap elementor-element-populated\">\n\t\t\t\t\t\t<div class=\"elementor-element elementor-element-d51e1aa elementor-position-top elementor-widget elementor-widget-image-box\" data-id=\"d51e1aa\" data-element_type=\"widget\" data-e-type=\"widget\" data-widget_type=\"image-box.default\">\n\t\t\t\t<div class=\"elementor-widget-container\">\n\t\t\t\t\t<div class=\"elementor-image-box-wrapper\"><figure class=\"elementor-image-box-img\"><a href=\"https:\/\/haciendosinapsys.org\/podcast\/series\/radio-escolar-prepa-55\/\" tabindex=\"-1\"><img decoding=\"async\" width=\"300\" height=\"300\" src=\"https:\/\/haciendosinapsys.org\/podcast\/wp-content\/uploads\/2024\/01\/radio_aztlan-300x300.jpeg\" class=\"attachment-medium size-medium wp-image-948\" alt=\"\" srcset=\"https:\/\/haciendosinapsys.org\/podcast\/wp-content\/uploads\/2024\/01\/radio_aztlan-300x300.jpeg 300w, https:\/\/haciendosinapsys.org\/podcast\/wp-content\/uploads\/2024\/01\/radio_aztlan-1024x1024.jpeg 1024w, https:\/\/haciendosinapsys.org\/podcast\/wp-content\/uploads\/2024\/01\/radio_aztlan-150x150.jpeg 150w, https:\/\/haciendosinapsys.org\/podcast\/wp-content\/uploads\/2024\/01\/radio_aztlan-768x768.jpeg 768w, https:\/\/haciendosinapsys.org\/podcast\/wp-content\/uploads\/2024\/01\/radio_aztlan-120x120.jpeg 120w, https:\/\/haciendosinapsys.org\/podcast\/wp-content\/uploads\/2024\/01\/radio_aztlan.jpeg 1080w\" sizes=\"(max-width: 300px) 100vw, 300px\" \/><\/a><\/figure><div class=\"elementor-image-box-content\"><h3 class=\"elementor-image-box-title\"><a href=\"https:\/\/haciendosinapsys.org\/podcast\/series\/radio-escolar-prepa-55\/\">Radio Aztlan<\/a><\/h3><p class=\"elementor-image-box-description\">Programas elaborados por estudiantes de la Prepa 55<\/p><\/div><\/div>\t\t\t\t<\/div>\n\t\t\t\t<\/div>\n\t\t\t\t\t<\/div>\n\t\t<\/div>\n\t\t\t\t<div class=\"elementor-column elementor-col-50 elementor-top-column elementor-element elementor-element-f9e637d\" data-id=\"f9e637d\" data-element_type=\"column\" data-e-type=\"column\">\n\t\t\t<div class=\"elementor-widget-wrap elementor-element-populated\">\n\t\t\t\t\t\t<div class=\"elementor-element elementor-element-d18004f elementor-position-top elementor-widget elementor-widget-image-box\" data-id=\"d18004f\" data-element_type=\"widget\" data-e-type=\"widget\" data-widget_type=\"image-box.default\">\n\t\t\t\t<div class=\"elementor-widget-container\">\n\t\t\t\t\t<div class=\"elementor-image-box-wrapper\"><figure class=\"elementor-image-box-img\"><a href=\"https:\/\/radiochicoloapan.com\/radio-revolucion\/\" target=\"_blank\" tabindex=\"-1\"><img loading=\"lazy\" decoding=\"async\" width=\"274\" height=\"256\" src=\"https:\/\/haciendosinapsys.org\/podcast\/wp-content\/uploads\/2022\/12\/305768669_537943251550618_7841296338443190801_n.jpg\" class=\"attachment-full size-full wp-image-821\" alt=\"\" \/><\/a><\/figure><div class=\"elementor-image-box-content\"><h3 class=\"elementor-image-box-title\"><a href=\"https:\/\/radiochicoloapan.com\/radio-revolucion\/\" target=\"_blank\">Radio Chicoloapan<\/a><\/h3><p class=\"elementor-image-box-description\">Audios de programas elaborados por estudiantes a lo largo de varias generaciones<\/p><\/div><\/div>\t\t\t\t<\/div>\n\t\t\t\t<\/div>\n\t\t\t\t\t<\/div>\n\t\t<\/div>\n\t\t\t\t\t<\/div>\n\t\t<\/section>\n\t\t\t\t<\/div>\n\t\t","protected":false},"excerpt":{"rendered":"<p>Participaciones y programas elaborados En Neza Radio El Profesor Oscar Hern\u00e1ndez Neri colabora con una secci\u00f3n los d\u00edas mi\u00e9rcoles. Comunicadores MX Programa Escuelas en Movimiento Radio Aztlan Programas elaborados por [&hellip;]<\/p>\n","protected":false},"author":1,"featured_media":0,"parent":0,"menu_order":0,"comment_status":"closed","ping_status":"closed","template":"","meta":{"episode_type":"","audio_file":"","podmotor_file_id":"","podmotor_episode_id":"","cover_image":"","cover_image_id":"","duration":"","filesize":"","filesize_raw":"","date_recorded":"","explicit":"","block":"","itunes_episode_number":"","itunes_title":"","itunes_season_number":"","itunes_episode_type":"","ngg_post_thumbnail":0,"footnotes":""},"class_list":["post-14","page","type-page","status-publish","hentry"],"yoast_head":"<!-- This site is optimized with the Yoast SEO plugin v27.2 - https:\/\/yoast.com\/product\/yoast-seo-wordpress\/ -->\n<title>UNC - Podcast - PodCast UNC<\/title>\n<meta name=\"robots\" content=\"index, follow, max-snippet:-1, max-image-preview:large, max-video-preview:-1\" \/>\n<link rel=\"canonical\" href=\"https:\/\/haciendosinapsys.org\/podcast\/\" \/>\n<meta property=\"og:locale\" content=\"es_MX\" \/>\n<meta property=\"og:type\" content=\"article\" \/>\n<meta property=\"og:title\" content=\"UNC - Podcast - PodCast UNC\" \/>\n<meta property=\"og:description\" content=\"Participaciones y programas elaborados En Neza Radio El Profesor Oscar Hern\u00e1ndez Neri colabora con una secci\u00f3n los d\u00edas mi\u00e9rcoles. Comunicadores MX Programa Escuelas en Movimiento Radio Aztlan Programas elaborados por [&hellip;]\" \/>\n<meta property=\"og:url\" content=\"https:\/\/haciendosinapsys.org\/podcast\/\" \/>\n<meta property=\"og:site_name\" content=\"PodCast UNC\" \/>\n<meta property=\"article:publisher\" content=\"https:\/\/www.facebook.com\/prepa55\" \/>\n<meta property=\"article:modified_time\" content=\"2025-05-02T15:16:33+00:00\" \/>\n<meta property=\"og:image\" content=\"https:\/\/haciendosinapsys.org\/podcast\/wp-content\/uploads\/2022\/04\/271998250_298182035667019_7251102933475861633_n-300x300.png\" \/>\n<meta name=\"twitter:card\" content=\"summary_large_image\" \/>\n<meta name=\"twitter:label1\" content=\"Tiempo de lectura\" \/>\n\t<meta name=\"twitter:data1\" content=\"2 minutos\" \/>\n<script type=\"application\/ld+json\" class=\"yoast-schema-graph\">{\"@context\":\"https:\/\/schema.org\",\"@graph\":[{\"@type\":\"WebPage\",\"@id\":\"https:\/\/haciendosinapsys.org\/podcast\/\",\"url\":\"https:\/\/haciendosinapsys.org\/podcast\/\",\"name\":\"UNC - Podcast - PodCast UNC\",\"isPartOf\":{\"@id\":\"https:\/\/haciendosinapsys.org\/podcast\/#website\"},\"primaryImageOfPage\":{\"@id\":\"https:\/\/haciendosinapsys.org\/podcast\/#primaryimage\"},\"image\":{\"@id\":\"https:\/\/haciendosinapsys.org\/podcast\/#primaryimage\"},\"thumbnailUrl\":\"https:\/\/haciendosinapsys.org\/podcast\/wp-content\/uploads\/2022\/04\/271998250_298182035667019_7251102933475861633_n-300x300.png\",\"datePublished\":\"2016-09-15T08:40:03+00:00\",\"dateModified\":\"2025-05-02T15:16:33+00:00\",\"breadcrumb\":{\"@id\":\"https:\/\/haciendosinapsys.org\/podcast\/#breadcrumb\"},\"inLanguage\":\"es\",\"potentialAction\":[{\"@type\":\"ReadAction\",\"target\":[\"https:\/\/haciendosinapsys.org\/podcast\/\"]}]},{\"@type\":\"ImageObject\",\"inLanguage\":\"es\",\"@id\":\"https:\/\/haciendosinapsys.org\/podcast\/#primaryimage\",\"url\":\"https:\/\/haciendosinapsys.org\/podcast\/wp-content\/uploads\/2022\/04\/271998250_298182035667019_7251102933475861633_n.png\",\"contentUrl\":\"https:\/\/haciendosinapsys.org\/podcast\/wp-content\/uploads\/2022\/04\/271998250_298182035667019_7251102933475861633_n.png\",\"width\":480,\"height\":480},{\"@type\":\"BreadcrumbList\",\"@id\":\"https:\/\/haciendosinapsys.org\/podcast\/#breadcrumb\",\"itemListElement\":[{\"@type\":\"ListItem\",\"position\":1,\"name\":\"Inicio\",\"item\":\"https:\/\/haciendosinapsys.org\/podcast\/\"},{\"@type\":\"ListItem\",\"position\":2,\"name\":\"UNC &#8211; Podcast\"}]},{\"@type\":\"WebSite\",\"@id\":\"https:\/\/haciendosinapsys.org\/podcast\/#website\",\"url\":\"https:\/\/haciendosinapsys.org\/podcast\/\",\"name\":\"PodCast Prepa55 - UNC\",\"description\":\"Podcast - Universidad Nacional Comunitaria\",\"publisher\":{\"@id\":\"https:\/\/haciendosinapsys.org\/podcast\/#organization\"},\"potentialAction\":[{\"@type\":\"SearchAction\",\"target\":{\"@type\":\"EntryPoint\",\"urlTemplate\":\"https:\/\/haciendosinapsys.org\/podcast\/?s={search_term_string}\"},\"query-input\":{\"@type\":\"PropertyValueSpecification\",\"valueRequired\":true,\"valueName\":\"search_term_string\"}}],\"inLanguage\":\"es\"},{\"@type\":\"Organization\",\"@id\":\"https:\/\/haciendosinapsys.org\/podcast\/#organization\",\"name\":\"PodCast Prepa55 - UNC\",\"url\":\"https:\/\/haciendosinapsys.org\/podcast\/\",\"logo\":{\"@type\":\"ImageObject\",\"inLanguage\":\"es\",\"@id\":\"https:\/\/haciendosinapsys.org\/podcast\/#\/schema\/logo\/image\/\",\"url\":\"https:\/\/haciendosinapsys.org\/podcast\/wp-content\/uploads\/2024\/08\/Logo-original-vertical.png\",\"contentUrl\":\"https:\/\/haciendosinapsys.org\/podcast\/wp-content\/uploads\/2024\/08\/Logo-original-vertical.png\",\"width\":910,\"height\":1107,\"caption\":\"PodCast Prepa55 - UNC\"},\"image\":{\"@id\":\"https:\/\/haciendosinapsys.org\/podcast\/#\/schema\/logo\/image\/\"},\"sameAs\":[\"https:\/\/www.facebook.com\/prepa55\"]}]}<\/script>\n<!-- \/ Yoast SEO plugin. -->","yoast_head_json":{"title":"UNC - Podcast - PodCast UNC","robots":{"index":"index","follow":"follow","max-snippet":"max-snippet:-1","max-image-preview":"max-image-preview:large","max-video-preview":"max-video-preview:-1"},"canonical":"https:\/\/haciendosinapsys.org\/podcast\/","og_locale":"es_MX","og_type":"article","og_title":"UNC - Podcast - PodCast UNC","og_description":"Participaciones y programas elaborados En Neza Radio El Profesor Oscar Hern\u00e1ndez Neri colabora con una secci\u00f3n los d\u00edas mi\u00e9rcoles. Comunicadores MX Programa Escuelas en Movimiento Radio Aztlan Programas elaborados por [&hellip;]","og_url":"https:\/\/haciendosinapsys.org\/podcast\/","og_site_name":"PodCast UNC","article_publisher":"https:\/\/www.facebook.com\/prepa55","article_modified_time":"2025-05-02T15:16:33+00:00","og_image":[{"url":"https:\/\/haciendosinapsys.org\/podcast\/wp-content\/uploads\/2022\/04\/271998250_298182035667019_7251102933475861633_n-300x300.png","type":"","width":"","height":""}],"twitter_card":"summary_large_image","twitter_misc":{"Tiempo de lectura":"2 minutos"},"schema":{"@context":"https:\/\/schema.org","@graph":[{"@type":"WebPage","@id":"https:\/\/haciendosinapsys.org\/podcast\/","url":"https:\/\/haciendosinapsys.org\/podcast\/","name":"UNC - Podcast - PodCast UNC","isPartOf":{"@id":"https:\/\/haciendosinapsys.org\/podcast\/#website"},"primaryImageOfPage":{"@id":"https:\/\/haciendosinapsys.org\/podcast\/#primaryimage"},"image":{"@id":"https:\/\/haciendosinapsys.org\/podcast\/#primaryimage"},"thumbnailUrl":"https:\/\/haciendosinapsys.org\/podcast\/wp-content\/uploads\/2022\/04\/271998250_298182035667019_7251102933475861633_n-300x300.png","datePublished":"2016-09-15T08:40:03+00:00","dateModified":"2025-05-02T15:16:33+00:00","breadcrumb":{"@id":"https:\/\/haciendosinapsys.org\/podcast\/#breadcrumb"},"inLanguage":"es","potentialAction":[{"@type":"ReadAction","target":["https:\/\/haciendosinapsys.org\/podcast\/"]}]},{"@type":"ImageObject","inLanguage":"es","@id":"https:\/\/haciendosinapsys.org\/podcast\/#primaryimage","url":"https:\/\/haciendosinapsys.org\/podcast\/wp-content\/uploads\/2022\/04\/271998250_298182035667019_7251102933475861633_n.png","contentUrl":"https:\/\/haciendosinapsys.org\/podcast\/wp-content\/uploads\/2022\/04\/271998250_298182035667019_7251102933475861633_n.png","width":480,"height":480},{"@type":"BreadcrumbList","@id":"https:\/\/haciendosinapsys.org\/podcast\/#breadcrumb","itemListElement":[{"@type":"ListItem","position":1,"name":"Inicio","item":"https:\/\/haciendosinapsys.org\/podcast\/"},{"@type":"ListItem","position":2,"name":"UNC &#8211; Podcast"}]},{"@type":"WebSite","@id":"https:\/\/haciendosinapsys.org\/podcast\/#website","url":"https:\/\/haciendosinapsys.org\/podcast\/","name":"PodCast Prepa55 - UNC","description":"Podcast - Universidad Nacional Comunitaria","publisher":{"@id":"https:\/\/haciendosinapsys.org\/podcast\/#organization"},"potentialAction":[{"@type":"SearchAction","target":{"@type":"EntryPoint","urlTemplate":"https:\/\/haciendosinapsys.org\/podcast\/?s={search_term_string}"},"query-input":{"@type":"PropertyValueSpecification","valueRequired":true,"valueName":"search_term_string"}}],"inLanguage":"es"},{"@type":"Organization","@id":"https:\/\/haciendosinapsys.org\/podcast\/#organization","name":"PodCast Prepa55 - UNC","url":"https:\/\/haciendosinapsys.org\/podcast\/","logo":{"@type":"ImageObject","inLanguage":"es","@id":"https:\/\/haciendosinapsys.org\/podcast\/#\/schema\/logo\/image\/","url":"https:\/\/haciendosinapsys.org\/podcast\/wp-content\/uploads\/2024\/08\/Logo-original-vertical.png","contentUrl":"https:\/\/haciendosinapsys.org\/podcast\/wp-content\/uploads\/2024\/08\/Logo-original-vertical.png","width":910,"height":1107,"caption":"PodCast Prepa55 - UNC"},"image":{"@id":"https:\/\/haciendosinapsys.org\/podcast\/#\/schema\/logo\/image\/"},"sameAs":["https:\/\/www.facebook.com\/prepa55"]}]}},"_links":{"self":[{"href":"https:\/\/haciendosinapsys.org\/podcast\/wp-json\/wp\/v2\/pages\/14","targetHints":{"allow":["GET"]}}],"collection":[{"href":"https:\/\/haciendosinapsys.org\/podcast\/wp-json\/wp\/v2\/pages"}],"about":[{"href":"https:\/\/haciendosinapsys.org\/podcast\/wp-json\/wp\/v2\/types\/page"}],"author":[{"embeddable":true,"href":"https:\/\/haciendosinapsys.org\/podcast\/wp-json\/wp\/v2\/users\/1"}],"replies":[{"embeddable":true,"href":"https:\/\/haciendosinapsys.org\/podcast\/wp-json\/wp\/v2\/comments?post=14"}],"version-history":[{"count":41,"href":"https:\/\/haciendosinapsys.org\/podcast\/wp-json\/wp\/v2\/pages\/14\/revisions"}],"predecessor-version":[{"id":1095,"href":"https:\/\/haciendosinapsys.org\/podcast\/wp-json\/wp\/v2\/pages\/14\/revisions\/1095"}],"wp:attachment":[{"href":"https:\/\/haciendosinapsys.org\/podcast\/wp-json\/wp\/v2\/media?parent=14"}],"curies":[{"name":"wp","href":"https:\/\/api.w.org\/{rel}","templated":true}]}}